{"id":4393944,"date":"2024-02-06T14:05:20","date_gmt":"2024-02-06T14:05:20","guid":{"rendered":"https:\/\/bebvillalucciola.it\/hausordnung\/"},"modified":"2024-03-25T13:56:44","modified_gmt":"2024-03-25T13:56:44","slug":"hausordnung","status":"publish","type":"page","link":"https:\/\/bebvillalucciola.it\/de\/hausordnung\/","title":{"rendered":"Hausordnung"},"content":{"rendered":"<p>[et_pb_section fb_built=&#8220;1&#8243; admin_label=&#8220;Header&#8220; _builder_version=&#8220;4.24.0&#8243; use_background_color_gradient=&#8220;on&#8220; background_color_gradient_type=&#8220;circular&#8220; background_color_gradient_direction_radial=&#8220;top left&#8220; background_color_gradient_stops=&#8220;rgba(255,255,255,0.89) 30%|rgba(255,255,255,0) 80%&#8220; background_color_gradient_overlays_image=&#8220;on&#8220; background_color_gradient_start=&#8220;rgba(255,255,255,0.89)&#8220; background_color_gradient_start_position=&#8220;30%&#8220; background_color_gradient_end=&#8220;rgba(255,255,255,0)&#8220; background_color_gradient_end_position=&#8220;80%&#8220; background_image=&#8220;https:\/\/bebvillalucciola.it\/wp-content\/uploads\/2024\/02\/bebvillalucciola-Slide-le-regole-della-casa.webp&#8220; height=&#8220;400px&#8220; custom_padding=&#8220;8vw|0px|0|0px|false|false&#8220; global_colors_info=&#8220;{}&#8220;][et_pb_row _builder_version=&#8220;4.16&#8243; global_colors_info=&#8220;{}&#8220;][et_pb_column type=&#8220;4_4&#8243; _builder_version=&#8220;4.16&#8243; custom_padding=&#8220;|||&#8220; global_colors_info=&#8220;{}&#8220; custom_padding__hover=&#8220;|||&#8220;][et_pb_text _builder_version=&#8220;4.24.0&#8243; text_font=&#8220;||||||||&#8220; header_font=&#8220;Raleway|700|||||||&#8220; header_font_size=&#8220;80px&#8220; header_line_height=&#8220;1.2em&#8220; header_5_font=&#8220;Raleway|700||on|||||&#8220; header_5_text_color=&#8220;#000000&#8243; header_5_font_size=&#8220;20px&#8220; header_5_letter_spacing=&#8220;0.5em&#8220; header_5_line_height=&#8220;1.8em&#8220; animation_style=&#8220;zoom&#8220; animation_intensity_zoom=&#8220;5%&#8220; header_font_size_tablet=&#8220;48px&#8220; header_font_size_phone=&#8220;32px&#8220; header_font_size_last_edited=&#8220;on|phone&#8220; header_5_font_size_tablet=&#8220;14px&#8220; header_5_font_size_phone=&#8220;12px&#8220; header_5_font_size_last_edited=&#8220;on|desktop&#8220; global_colors_info=&#8220;{}&#8220;]<\/p>\n<h5>Hausordnung<\/h5>\n<h1>Villa Lucciola<\/h1>\n<p>[\/et_pb_text][\/et_pb_column][\/et_pb_row][\/et_pb_section][et_pb_section fb_built=&#8220;1&#8243; admin_label=&#8220;Room Details&#8220; _builder_version=&#8220;4.16&#8243; global_colors_info=&#8220;{}&#8220;][et_pb_row _builder_version=&#8220;4.24.0&#8243; _module_preset=&#8220;default&#8220; global_colors_info=&#8220;{}&#8220;][et_pb_column type=&#8220;4_4&#8243; _builder_version=&#8220;4.24.0&#8243; _module_preset=&#8220;default&#8220; global_colors_info=&#8220;{}&#8220;][et_pb_text _builder_version=&#8220;4.24.2&#8243; _module_preset=&#8220;default&#8220; text_font_size=&#8220;16px&#8220; text_line_height=&#8220;1.8em&#8220; hover_enabled=&#8220;0&#8243; global_colors_info=&#8220;{}&#8220; sticky_enabled=&#8220;0&#8243;]<\/p>\n<h2><u><b>Hausordnung<\/b><\/u><u> <\/u><\/h2>\n<p>Liebe G\u00e4ste, ihr seid dabei, euren Urlaub in einer privaten Wohnung zu verbringen. Wir haben uns bem\u00fcht, eine gem\u00fctliche Umgebung zu schaffen und hoffen, dass du eine sch\u00f6ne und erholsame Zeit in unserem Haus verbringen wirst.<\/p>\n<p>Die Hausordnung, die du gleich lesen wirst, ist als Unterst\u00fctzung f\u00fcr einen harmonischen Aufenthalt gedacht. Wir haben einige Regeln aufgestellt und hoffen, dass sie mit Verst\u00e4ndnis befolgt werden. Mit einem respektvollen Umgang mit der Wohnung hilfst du uns, auch in Zukunft komfortable Ferienunterk\u00fcnfte anbieten zu k\u00f6nnen.<\/p>\n<h3><b>Allgemein:<\/b><\/h3>\n<p>Wenn es in der Wohnung etwas gibt, das von den Angaben auf unserer Website abweicht, oder wenn du Hilfe brauchst, z\u00f6gere bitte nicht, uns zu kontaktieren. Alle Gegenst\u00e4nde, die sich in der Wohnung befinden oder zu ihr geh\u00f6ren und auf dem Balkon oder der Terrasse stehen, d\u00fcrfen von den G\u00e4sten benutzt werden. Alle Mitreisenden m\u00fcssen diese Verhaltensregeln respektieren.<br \/>Bei der Ankunft muss jeder Gast einen g\u00fcltigen Ausweis zur Registrierung vorlegen, wie es das Gesetz vorsieht.<br \/>Die von dir zur Verf\u00fcgung gestellten Daten werden unter Einhaltung der im Gesetz geregelten Geheimhaltungspflichten behandelt. 675 vom 31\/12\/1996.<\/p>\n<h3><b>K\u00fcche<\/b>:<\/h3>\n<p><span>Diejenigen, die die K\u00fcche benutzen, sind verpflichtet, sauber zu machen und aufzur\u00e4umen.  <\/span><\/p>\n<h3><b>Bl\u00f6dsinn:<\/b><\/h3>\n<p>Getrennte Abfallsammlung. Wir trennen in: Biom\u00fcll, Plastik, Dosen, Glas, Papier und Restm\u00fcll. M\u00fclltonnen befinden sich au\u00dferhalb des Gel\u00e4ndes. Um das Sortieren zu erleichtern, findest du auf dem Balkon spezielle T\u00fcten und unter der K\u00fcchensp\u00fcle einen Beh\u00e4lter f\u00fcr Bioabf\u00e4lle.<\/p>\n<h3><b>Lieber Raucher<\/b>:<\/h3>\n<p>Rauchen ist in unserer Wohnung generell nicht erlaubt. Auf dem Balkon kannst du jedoch in Ruhe rauchen.<\/p>\n<h3><strong>Eingang\/Ausgang:<\/strong><\/h3>\n<p>Der Ein- und Ausgang ist frei Bitte schlie\u00dfe die T\u00fcr jedes Mal, wenn du ein- und ausgehst, um die Sicherheit aller zu gew\u00e4hrleisten<br \/>Die <strong>Einreise<\/strong> von nicht registrierten Personen ist verboten<\/p>\n<h3><b>Badezimmer<\/b>:<\/h3>\n<p>Bitte entsorge keine Hygieneartikel oder Essensreste in der Toilette.<\/p>\n<h3><b>Ruhezeit<\/b>:<\/h3>\n<p>Im Sinne der guten Nachbarschaft bitten wir darum, die Nachtruhe von 22 Uhr bis 7 Uhr einzuhalten.<\/p>\n<h3><b>Schaden<\/b>:<\/h3>\n<p>Niemand besch\u00e4digt Dinge absichtlich, aber es kann jedem passieren, dass etwas kaputt geht. Wir w\u00e4ren dir dankbar, wenn du uns den entstandenen Schaden sofort mitteilen w\u00fcrdest, damit er nicht erst nach deiner Abreise bei der Endreinigung entdeckt wird.<\/p>\n<h3><b>Der Flei\u00df eines guten Familienvaters:<\/b><\/h3>\n<p>Fenster und T\u00fcren m\u00fcssen beim Verlassen geschlossen sein, um Sch\u00e4den durch schlechtes Wetter zu vermeiden. Bitte sorge daf\u00fcr, dass das Licht und die Klimaanlagen f\u00fcr die Zeit der Abwesenheit ausgeschaltet sind. Umwelt und Vermieter sind dankbar. Der Gastgeber ist nicht f\u00fcr die Wertsachen des Gastes verantwortlich.<\/p>\n<h3><b>Ankunft und Abreise<\/b>:<\/h3>\n<p>Am Anreisetag ist die Wohnung um 16.00 Uhr fertig und wir sind bis 19.00 Uhr f\u00fcr die Anmeldung erreichbar. Bitte <b>informiere den Manager immer \u00fcber<\/b> deine <b>Ankunftszeit<\/b>, f\u00fcr andere Bed\u00fcrfnisse vereinbare bitte gemeinsam.<\/p>\n<p>Am Tag der Abreise r\u00e4umst du die Wohnung bitte bis <strong>10:30<\/strong> Uhr, damit die Reinigung reibungslos ablaufen kann.<\/p>\n<h3> <strong> Auch verf\u00fcgbar<\/strong>:<\/h3>\n<p>Staubsauger, B\u00fcgeleisen mit Brett, W\u00e4schest\u00e4nder, Regenschirme, Fotokopierservice, Drucker.<\/p>\n<p><strong>Nicht enthalten<\/strong>: (auf Anfrage)<br \/>Austausch von Handt\u00fcchern<br \/>Austausch der Bettw\u00e4sche<br \/>t\u00e4gliche Reinigung<\/p>\n<p>N.B. Wie alle Beherbergungsbetriebe nehmen wir keine Personen unter 18 Jahren auf, es sei denn, sie werden w\u00e4hrend ihres Aufenthalts von ihren Eltern begleitet und haben einen Ausweis dabei.<\/p>\n<p>Mit der Buchung der Wohnung wird davon ausgegangen, dass die Hausordnung anerkannt und best\u00e4tigt wird. Wir w\u00fcnschen dir einen angenehmen Aufenthalt mit viel Spa\u00df, Entspannung und Erholung.<\/p>\n<p>Wir stehen dir jederzeit f\u00fcr Fragen zur Verf\u00fcgung.<\/p>\n<p>[\/et_pb_text][\/et_pb_column][\/et_pb_row][\/et_pb_section]<\/p>\n","protected":false},"excerpt":{"rendered":"<p>Hausordnung Villa LucciolaHausordnung Liebe G\u00e4ste, ihr seid dabei, euren Urlaub in einer privaten Wohnung zu verbringen. Wir haben uns bem\u00fcht, eine gem\u00fctliche Umgebung zu schaffen und hoffen, dass du eine sch\u00f6ne und erholsame Zeit in unserem Haus verbringen wirst. Die Hausordnung, die du gleich lesen wirst, ist als Unterst\u00fctzung f\u00fcr einen harmonischen Aufenthalt gedacht. Wir [&hellip;]<\/p>\n","protected":false},"author":1,"featured_media":0,"parent":0,"menu_order":0,"comment_status":"closed","ping_status":"closed","template":"","meta":{"_et_pb_use_builder":"on","_et_pb_old_content":"","_et_gb_content_width":"","footnotes":""},"class_list":["post-4393944","page","type-page","status-publish","hentry"],"yoast_head":"<!-- This site is optimized with the Yoast SEO plugin v27.2 - https:\/\/yoast.com\/product\/yoast-seo-wordpress\/ -->\n<title>Hausordnung - B&amp;B Villa Lucciola<\/title>\n<meta name=\"robots\" content=\"index, follow, max-snippet:-1, max-image-preview:large, max-video-preview:-1\" \/>\n<link rel=\"canonical\" href=\"https:\/\/bebvillalucciola.it\/de\/hausordnung\/\" \/>\n<meta property=\"og:locale\" content=\"de_DE\" \/>\n<meta property=\"og:type\" content=\"article\" \/>\n<meta property=\"og:title\" content=\"Hausordnung - B&amp;B Villa Lucciola\" \/>\n<meta property=\"og:description\" content=\"Hausordnung Villa LucciolaHausordnung Liebe G\u00e4ste, ihr seid dabei, euren Urlaub in einer privaten Wohnung zu verbringen. Wir haben uns bem\u00fcht, eine gem\u00fctliche Umgebung zu schaffen und hoffen, dass du eine sch\u00f6ne und erholsame Zeit in unserem Haus verbringen wirst. Die Hausordnung, die du gleich lesen wirst, ist als Unterst\u00fctzung f\u00fcr einen harmonischen Aufenthalt gedacht. Wir [&hellip;]\" \/>\n<meta property=\"og:url\" content=\"https:\/\/bebvillalucciola.it\/de\/hausordnung\/\" \/>\n<meta property=\"og:site_name\" content=\"B&amp;B Villa Lucciola\" \/>\n<meta property=\"article:modified_time\" content=\"2024-03-25T13:56:44+00:00\" \/>\n<meta name=\"twitter:card\" content=\"summary_large_image\" \/>\n<meta name=\"twitter:label1\" content=\"Gesch\u00e4tzte Lesezeit\" \/>\n\t<meta name=\"twitter:data1\" content=\"4\u00a0Minuten\" \/>\n<script type=\"application\/ld+json\" class=\"yoast-schema-graph\">{\"@context\":\"https:\/\/schema.org\",\"@graph\":[{\"@type\":\"WebPage\",\"@id\":\"https:\/\/bebvillalucciola.it\/de\/hausordnung\/\",\"url\":\"https:\/\/bebvillalucciola.it\/de\/hausordnung\/\",\"name\":\"Hausordnung - B&amp;B Villa Lucciola\",\"isPartOf\":{\"@id\":\"https:\/\/bebvillalucciola.it\/#website\"},\"datePublished\":\"2024-02-06T14:05:20+00:00\",\"dateModified\":\"2024-03-25T13:56:44+00:00\",\"breadcrumb\":{\"@id\":\"https:\/\/bebvillalucciola.it\/de\/hausordnung\/#breadcrumb\"},\"inLanguage\":\"de\",\"potentialAction\":[{\"@type\":\"ReadAction\",\"target\":[\"https:\/\/bebvillalucciola.it\/de\/hausordnung\/\"]}]},{\"@type\":\"BreadcrumbList\",\"@id\":\"https:\/\/bebvillalucciola.it\/de\/hausordnung\/#breadcrumb\",\"itemListElement\":[{\"@type\":\"ListItem\",\"position\":1,\"name\":\"Home\",\"item\":\"https:\/\/bebvillalucciola.it\/de\/home-page\/\"},{\"@type\":\"ListItem\",\"position\":2,\"name\":\"Hausordnung\"}]},{\"@type\":\"WebSite\",\"@id\":\"https:\/\/bebvillalucciola.it\/#website\",\"url\":\"https:\/\/bebvillalucciola.it\/\",\"name\":\"B&B Villa Lucciola\",\"description\":\"B &amp; B sul Lago Maggiore\",\"publisher\":{\"@id\":\"https:\/\/bebvillalucciola.it\/#organization\"},\"potentialAction\":[{\"@type\":\"SearchAction\",\"target\":{\"@type\":\"EntryPoint\",\"urlTemplate\":\"https:\/\/bebvillalucciola.it\/?s={search_term_string}\"},\"query-input\":{\"@type\":\"PropertyValueSpecification\",\"valueRequired\":true,\"valueName\":\"search_term_string\"}}],\"inLanguage\":\"de\"},{\"@type\":\"Organization\",\"@id\":\"https:\/\/bebvillalucciola.it\/#organization\",\"name\":\"B&B Villa Lucciola\",\"url\":\"https:\/\/bebvillalucciola.it\/\",\"logo\":{\"@type\":\"ImageObject\",\"inLanguage\":\"de\",\"@id\":\"https:\/\/bebvillalucciola.it\/#\/schema\/logo\/image\/\",\"url\":\"https:\/\/bebvillalucciola.it\/wp-content\/uploads\/2023\/12\/Logo-Villa-Lucciola-HI.webp\",\"contentUrl\":\"https:\/\/bebvillalucciola.it\/wp-content\/uploads\/2023\/12\/Logo-Villa-Lucciola-HI.webp\",\"width\":400,\"height\":200,\"caption\":\"B&B Villa Lucciola\"},\"image\":{\"@id\":\"https:\/\/bebvillalucciola.it\/#\/schema\/logo\/image\/\"}}]}<\/script>\n<!-- \/ Yoast SEO plugin. -->","yoast_head_json":{"title":"Hausordnung - B&amp;B Villa Lucciola","robots":{"index":"index","follow":"follow","max-snippet":"max-snippet:-1","max-image-preview":"max-image-preview:large","max-video-preview":"max-video-preview:-1"},"canonical":"https:\/\/bebvillalucciola.it\/de\/hausordnung\/","og_locale":"de_DE","og_type":"article","og_title":"Hausordnung - B&amp;B Villa Lucciola","og_description":"Hausordnung Villa LucciolaHausordnung Liebe G\u00e4ste, ihr seid dabei, euren Urlaub in einer privaten Wohnung zu verbringen. Wir haben uns bem\u00fcht, eine gem\u00fctliche Umgebung zu schaffen und hoffen, dass du eine sch\u00f6ne und erholsame Zeit in unserem Haus verbringen wirst. Die Hausordnung, die du gleich lesen wirst, ist als Unterst\u00fctzung f\u00fcr einen harmonischen Aufenthalt gedacht. Wir [&hellip;]","og_url":"https:\/\/bebvillalucciola.it\/de\/hausordnung\/","og_site_name":"B&amp;B Villa Lucciola","article_modified_time":"2024-03-25T13:56:44+00:00","twitter_card":"summary_large_image","twitter_misc":{"Gesch\u00e4tzte Lesezeit":"4\u00a0Minuten"},"schema":{"@context":"https:\/\/schema.org","@graph":[{"@type":"WebPage","@id":"https:\/\/bebvillalucciola.it\/de\/hausordnung\/","url":"https:\/\/bebvillalucciola.it\/de\/hausordnung\/","name":"Hausordnung - B&amp;B Villa Lucciola","isPartOf":{"@id":"https:\/\/bebvillalucciola.it\/#website"},"datePublished":"2024-02-06T14:05:20+00:00","dateModified":"2024-03-25T13:56:44+00:00","breadcrumb":{"@id":"https:\/\/bebvillalucciola.it\/de\/hausordnung\/#breadcrumb"},"inLanguage":"de","potentialAction":[{"@type":"ReadAction","target":["https:\/\/bebvillalucciola.it\/de\/hausordnung\/"]}]},{"@type":"BreadcrumbList","@id":"https:\/\/bebvillalucciola.it\/de\/hausordnung\/#breadcrumb","itemListElement":[{"@type":"ListItem","position":1,"name":"Home","item":"https:\/\/bebvillalucciola.it\/de\/home-page\/"},{"@type":"ListItem","position":2,"name":"Hausordnung"}]},{"@type":"WebSite","@id":"https:\/\/bebvillalucciola.it\/#website","url":"https:\/\/bebvillalucciola.it\/","name":"B&B Villa Lucciola","description":"B &amp; B sul Lago Maggiore","publisher":{"@id":"https:\/\/bebvillalucciola.it\/#organization"},"potentialAction":[{"@type":"SearchAction","target":{"@type":"EntryPoint","urlTemplate":"https:\/\/bebvillalucciola.it\/?s={search_term_string}"},"query-input":{"@type":"PropertyValueSpecification","valueRequired":true,"valueName":"search_term_string"}}],"inLanguage":"de"},{"@type":"Organization","@id":"https:\/\/bebvillalucciola.it\/#organization","name":"B&B Villa Lucciola","url":"https:\/\/bebvillalucciola.it\/","logo":{"@type":"ImageObject","inLanguage":"de","@id":"https:\/\/bebvillalucciola.it\/#\/schema\/logo\/image\/","url":"https:\/\/bebvillalucciola.it\/wp-content\/uploads\/2023\/12\/Logo-Villa-Lucciola-HI.webp","contentUrl":"https:\/\/bebvillalucciola.it\/wp-content\/uploads\/2023\/12\/Logo-Villa-Lucciola-HI.webp","width":400,"height":200,"caption":"B&B Villa Lucciola"},"image":{"@id":"https:\/\/bebvillalucciola.it\/#\/schema\/logo\/image\/"}}]}},"_links":{"self":[{"href":"https:\/\/bebvillalucciola.it\/de\/wp-json\/wp\/v2\/pages\/4393944","targetHints":{"allow":["GET"]}}],"collection":[{"href":"https:\/\/bebvillalucciola.it\/de\/wp-json\/wp\/v2\/pages"}],"about":[{"href":"https:\/\/bebvillalucciola.it\/de\/wp-json\/wp\/v2\/types\/page"}],"author":[{"embeddable":true,"href":"https:\/\/bebvillalucciola.it\/de\/wp-json\/wp\/v2\/users\/1"}],"replies":[{"embeddable":true,"href":"https:\/\/bebvillalucciola.it\/de\/wp-json\/wp\/v2\/comments?post=4393944"}],"version-history":[{"count":1,"href":"https:\/\/bebvillalucciola.it\/de\/wp-json\/wp\/v2\/pages\/4393944\/revisions"}],"predecessor-version":[{"id":4393948,"href":"https:\/\/bebvillalucciola.it\/de\/wp-json\/wp\/v2\/pages\/4393944\/revisions\/4393948"}],"wp:attachment":[{"href":"https:\/\/bebvillalucciola.it\/de\/wp-json\/wp\/v2\/media?parent=4393944"}],"curies":[{"name":"wp","href":"https:\/\/api.w.org\/{rel}","templated":true}]}}