{"id":4393995,"date":"2024-02-06T14:05:20","date_gmt":"2024-02-06T14:05:20","guid":{"rendered":"https:\/\/bebvillalucciola.it\/reglement-interieur\/"},"modified":"2024-04-22T10:23:45","modified_gmt":"2024-04-22T10:23:45","slug":"reglement-interieur","status":"publish","type":"page","link":"https:\/\/bebvillalucciola.it\/fr\/reglement-interieur\/","title":{"rendered":"R\u00e8glement int\u00e9rieur"},"content":{"rendered":"<p>[et_pb_section fb_built=\u00a0\u00bb1&Prime; admin_label=\u00a0\u00bbHeader\u00a0\u00bb _builder_version=\u00a0\u00bb4.24.0&Prime; use_background_color_gradient=\u00a0\u00bbon\u00a0\u00bb background_color_gradient_type=\u00a0\u00bbcircular\u00a0\u00bb background_color_gradient_direction_radial=\u00a0\u00bbtop left\u00a0\u00bb background_color_gradient_stops=\u00a0\u00bbrgba(255,255,255,0.89) 30%|rgba(255,255,255,0) 80%\u00a0\u00bb background_color_gradient_overlays_image=\u00a0\u00bbon\u00a0\u00bb background_color_gradient_start=\u00a0\u00bbrgba(255,255,255,0.89)\u00a0\u00bb background_color_gradient_start_position=\u00a0\u00bb30%\u00a0\u00bb background_color_gradient_end=\u00a0\u00bbrgba(255,255,255,0)\u00a0\u00bb background_color_gradient_end_position=\u00a0\u00bb80%\u00a0\u00bb background_image=\u00a0\u00bbhttps:\/\/bebvillalucciola.it\/wp-content\/uploads\/2024\/02\/bebvillalucciola-Slide-le-regole-della-casa.webp\u00a0\u00bb height=\u00a0\u00bb400px\u00a0\u00bb custom_padding=\u00a0\u00bb8vw|0px|0|0px|false|false\u00a0\u00bb global_colors_info=\u00a0\u00bb{}\u00a0\u00bb][et_pb_row _builder_version=\u00a0\u00bb4.16&Prime; global_colors_info=\u00a0\u00bb{}\u00a0\u00bb][et_pb_column type=\u00a0\u00bb4_4&Prime; _builder_version=\u00a0\u00bb4.16&Prime; custom_padding=\u00a0\u00bb|||\u00a0\u00bb global_colors_info=\u00a0\u00bb{}\u00a0\u00bb custom_padding__hover=\u00a0\u00bb|||\u00a0\u00bb][et_pb_text _builder_version=\u00a0\u00bb4.24.0&Prime; text_font=\u00a0\u00bb||||||||\u00a0\u00bb header_font=\u00a0\u00bbRaleway|700|||||||\u00a0\u00bb header_font_size=\u00a0\u00bb80px\u00a0\u00bb header_line_height=\u00a0\u00bb1.2em\u00a0\u00bb header_5_font=\u00a0\u00bbRaleway|700||on|||||\u00a0\u00bb header_5_text_color=\u00a0\u00bb#000000&Prime; header_5_font_size=\u00a0\u00bb20px\u00a0\u00bb header_5_letter_spacing=\u00a0\u00bb0.5em\u00a0\u00bb header_5_line_height=\u00a0\u00bb1.8em\u00a0\u00bb animation_style=\u00a0\u00bbzoom\u00a0\u00bb animation_intensity_zoom=\u00a0\u00bb5%\u00a0\u00bb header_font_size_tablet=\u00a0\u00bb48px\u00a0\u00bb header_font_size_phone=\u00a0\u00bb32px\u00a0\u00bb header_font_size_last_edited=\u00a0\u00bbon|phone\u00a0\u00bb header_5_font_size_tablet=\u00a0\u00bb14px\u00a0\u00bb header_5_font_size_phone=\u00a0\u00bb12px\u00a0\u00bb header_5_font_size_last_edited=\u00a0\u00bbon|desktop\u00a0\u00bb global_colors_info=\u00a0\u00bb{}\u00a0\u00bb]<\/p>\n<h5>R\u00e8glement int\u00e9rieur<\/h5>\n<h1>Villa Lucciola<\/h1>\n<p>[\/et_pb_text][\/et_pb_column][\/et_pb_row][\/et_pb_section][et_pb_section fb_built=\u00a0\u00bb1&Prime; admin_label=\u00a0\u00bbRoom Details\u00a0\u00bb _builder_version=\u00a0\u00bb4.16&Prime; global_colors_info=\u00a0\u00bb{}\u00a0\u00bb][et_pb_row _builder_version=\u00a0\u00bb4.24.0&Prime; _module_preset=\u00a0\u00bbdefault\u00a0\u00bb global_colors_info=\u00a0\u00bb{}\u00a0\u00bb][et_pb_column type=\u00a0\u00bb4_4&Prime; _builder_version=\u00a0\u00bb4.24.0&Prime; _module_preset=\u00a0\u00bbdefault\u00a0\u00bb global_colors_info=\u00a0\u00bb{}\u00a0\u00bb][et_pb_text _builder_version=\u00a0\u00bb4.24.2&Prime; _module_preset=\u00a0\u00bbdefault\u00a0\u00bb text_font_size=\u00a0\u00bb16px\u00a0\u00bb text_line_height=\u00a0\u00bb1.8em\u00a0\u00bb hover_enabled=\u00a0\u00bb0&Prime; global_colors_info=\u00a0\u00bb{}\u00a0\u00bb sticky_enabled=\u00a0\u00bb0&Prime;]<\/p>\n<h2><u><b>R\u00e8glement int\u00e9rieur<\/b><\/u><u> <\/u><\/h2>\n<p>Chers invit\u00e9s, vous \u00eates sur le point de passer vos vacances dans un appartement priv\u00e9. Nous nous sommes efforc\u00e9s de cr\u00e9er un environnement agr\u00e9able et nous esp\u00e9rons que tu passeras un moment merveilleux et r\u00e9cr\u00e9atif dans notre maison.<\/p>\n<p>Le r\u00e8glement int\u00e9rieur que tu vas lire se veut un support pour un s\u00e9jour harmonieux. Nous avons \u00e9num\u00e9r\u00e9 quelques r\u00e8gles et esp\u00e9rons qu&rsquo;avec de la compr\u00e9hension, elles seront respect\u00e9es. En utilisant l&rsquo;appartement de mani\u00e8re respectueuse, tu nous aideras \u00e0 pouvoir proposer des logements de vacances confortables \u00e0 l&rsquo;avenir \u00e9galement.<\/p>\n<h3><b>G\u00e9n\u00e9ralit\u00e9s :<\/b><\/h3>\n<p>Si quelque chose dans l&rsquo;appartement diff\u00e8re de ce qui est indiqu\u00e9 sur notre site Internet ou si tu as besoin d&rsquo;aide, n&rsquo;h\u00e9site pas \u00e0 nous contacter. Tous les objets se trouvant \u00e0 l&rsquo;int\u00e9rieur de l&rsquo;appartement ou en faisant partie, qui se trouvent sur le balcon ou la terrasse, peuvent \u00eatre utilis\u00e9s par les h\u00f4tes. Tous les compagnons de voyage doivent respecter ces r\u00e8gles de comportement.<br \/>\u00c0 son arriv\u00e9e, chaque invit\u00e9 doit pr\u00e9senter une pi\u00e8ce d&rsquo;identit\u00e9 valide pour l&rsquo;enregistrement, conform\u00e9ment \u00e0 la loi.<br \/>Les donn\u00e9es que tu fournis seront trait\u00e9es dans le respect des obligations de confidentialit\u00e9 r\u00e9gies par la loi n\u00b0. 675 du 31\/12\/1996.<\/p>\n<h3><b>Cuisine<\/b>:<\/h3>\n<p><span>Ceux qui utilisent la cuisine sont tenus de nettoyer et de ranger.  <\/span><\/p>\n<h3><b>C&rsquo;est n&rsquo;importe quoi :<\/b><\/h3>\n<p>Collecte s\u00e9par\u00e9e des d\u00e9chets. Nous s\u00e9parons les d\u00e9chets en : organique, plastique, bo\u00eetes de conserve, verre, papier et d\u00e9chets r\u00e9siduels. Des poubelles sont situ\u00e9es \u00e0 l&rsquo;ext\u00e9rieur des locaux. Pour faciliter le tri, tu trouveras des sacs sp\u00e9ciaux sur le balcon et un conteneur pour les d\u00e9chets organiques sous l&rsquo;\u00e9vier de la cuisine.<\/p>\n<h3><b>Ch\u00e8re fumeuse, cher fumeur<\/b>:<\/h3>\n<p>Il est g\u00e9n\u00e9ralement interdit de fumer dans notre appartement. Cependant, sur le balcon, tu peux fumer tranquillement.<\/p>\n<h3><strong>Entr\u00e9e\/sortie :<\/strong><\/h3>\n<p>L&rsquo;entr\u00e9e et la sortie sont libres Ferme la porte \u00e0 chaque fois que tu entres et que tu sors pour la s\u00e9curit\u00e9 de tous.<br \/>L&rsquo;<strong>entr\u00e9e<\/strong> des personnes non enregistr\u00e9es est interdite<\/p>\n<h3><b>Salle de bain<\/b>:<\/h3>\n<p>Ne jette pas de produits d&rsquo;hygi\u00e8ne ou de restes de repas dans les toilettes.<\/p>\n<h3><b>P\u00e9riode de repos<\/b>:<\/h3>\n<p>Dans un esprit de bon voisinage, nous demandons que le repos nocturne soit respect\u00e9 de 22 heures \u00e0 7 heures .<\/p>\n<h3><b>Dommages<\/b>:<\/h3>\n<p>Personne n&rsquo;ab\u00eeme intentionnellement les choses, mais il peut arriver \u00e0 tout le monde que quelque chose se casse. Nous te serions reconnaissants de nous informer imm\u00e9diatement des dommages survenus afin qu&rsquo;ils ne soient d\u00e9couverts qu&rsquo;apr\u00e8s ton d\u00e9part en effectuant le nettoyage final.<\/p>\n<h3><b>Diligence du bon p\u00e8re de famille :<\/b><\/h3>\n<p>Les fen\u00eatres et les portes doivent \u00eatre ferm\u00e9es lorsque tu pars pour \u00e9viter les dommages qui peuvent r\u00e9sulter des intemp\u00e9ries. Veille \u00e0 ce que les lumi\u00e8res et les climatiseurs soient \u00e9teints pendant la p\u00e9riode d&rsquo;absence. L&rsquo;environnement et le propri\u00e9taire sont reconnaissants. L&rsquo;h\u00f4te n&rsquo;est pas responsable des objets de valeur de l&rsquo;invit\u00e9.<\/p>\n<h3><b>Arriv\u00e9e et d\u00e9part<\/b>:<\/h3>\n<p>Le jour de l&rsquo;arriv\u00e9e, l&rsquo;appartement sera pr\u00eat \u00e0 16 heures et nous sommes disponibles jusqu&rsquo;\u00e0 19 heures pour l&rsquo;enregistrement. <b>Informe toujours le responsable de ton heure d&rsquo;<\/b> arriv\u00e9e, pour les autres besoins, conviens-en ensemble.<\/p>\n<p>Le jour du d\u00e9part, tu dois lib\u00e9rer l&rsquo;appartement avant <strong>10h30<\/strong> pour que le nettoyage puisse se d\u00e9rouler sans encombre.<\/p>\n<h3> <strong> \u00c9galement disponible<\/strong>:<\/h3>\n<p>Aspirateur, fer \u00e0 repasser avec planche, corde \u00e0 linge, parapluies, service de photocopie, imprimante.<\/p>\n<p><strong>Non inclus<\/strong>: (sur demande)<br \/>remplacement des serviettes<br \/>remplacement du linge de lit<br \/>nettoyage quotidien<\/p>\n<p>N.B. Comme tous les \u00e9tablissements d&rsquo;h\u00e9bergement touristique, nous n&rsquo;acceptons pas les personnes de moins de 18 ans, sauf si elles sont accompagn\u00e9es de leurs parents pendant leur s\u00e9jour et, dans tous les cas, munies d&rsquo;une pi\u00e8ce d&rsquo;identit\u00e9.<\/p>\n<p>En r\u00e9servant l&rsquo;appartement, on suppose que le r\u00e8glement int\u00e9rieur est reconnu et confirm\u00e9. Nous te souhaitons un s\u00e9jour agr\u00e9able avec beaucoup de plaisir, de d\u00e9tente et de loisirs.<\/p>\n<p>Nous sommes toujours \u00e0 ta disposition pour r\u00e9pondre \u00e0 tes questions.<\/p>\n<p>[\/et_pb_text][\/et_pb_column][\/et_pb_row][\/et_pb_section]<\/p>\n","protected":false},"excerpt":{"rendered":"<p>R\u00e8glement int\u00e9rieur Villa LucciolaR\u00e8glement int\u00e9rieur Chers invit\u00e9s, vous \u00eates sur le point de passer vos vacances dans un appartement priv\u00e9. Nous nous sommes efforc\u00e9s de cr\u00e9er un environnement agr\u00e9able et nous esp\u00e9rons que tu passeras un moment merveilleux et r\u00e9cr\u00e9atif dans notre maison. Le r\u00e8glement int\u00e9rieur que tu vas lire se veut un support pour [&hellip;]<\/p>\n","protected":false},"author":1,"featured_media":0,"parent":0,"menu_order":0,"comment_status":"closed","ping_status":"closed","template":"","meta":{"_et_pb_use_builder":"on","_et_pb_old_content":"","_et_gb_content_width":"","footnotes":""},"class_list":["post-4393995","page","type-page","status-publish","hentry"],"yoast_head":"<!-- This site is optimized with the Yoast SEO plugin v27.2 - https:\/\/yoast.com\/product\/yoast-seo-wordpress\/ -->\n<title>R\u00e8glement int\u00e9rieur - B&amp;B Villa Lucciola<\/title>\n<meta name=\"robots\" content=\"index, follow, max-snippet:-1, max-image-preview:large, max-video-preview:-1\" \/>\n<link rel=\"canonical\" href=\"https:\/\/bebvillalucciola.it\/fr\/reglement-interieur\/\" \/>\n<meta property=\"og:locale\" content=\"fr_FR\" \/>\n<meta property=\"og:type\" content=\"article\" \/>\n<meta property=\"og:title\" content=\"R\u00e8glement int\u00e9rieur - B&amp;B Villa Lucciola\" \/>\n<meta property=\"og:description\" content=\"R\u00e8glement int\u00e9rieur Villa LucciolaR\u00e8glement int\u00e9rieur Chers invit\u00e9s, vous \u00eates sur le point de passer vos vacances dans un appartement priv\u00e9. Nous nous sommes efforc\u00e9s de cr\u00e9er un environnement agr\u00e9able et nous esp\u00e9rons que tu passeras un moment merveilleux et r\u00e9cr\u00e9atif dans notre maison. Le r\u00e8glement int\u00e9rieur que tu vas lire se veut un support pour [&hellip;]\" \/>\n<meta property=\"og:url\" content=\"https:\/\/bebvillalucciola.it\/fr\/reglement-interieur\/\" \/>\n<meta property=\"og:site_name\" content=\"B&amp;B Villa Lucciola\" \/>\n<meta property=\"article:modified_time\" content=\"2024-04-22T10:23:45+00:00\" \/>\n<meta name=\"twitter:card\" content=\"summary_large_image\" \/>\n<meta name=\"twitter:label1\" content=\"Dur\u00e9e de lecture estim\u00e9e\" \/>\n\t<meta name=\"twitter:data1\" content=\"5 minutes\" \/>\n<script type=\"application\/ld+json\" class=\"yoast-schema-graph\">{\"@context\":\"https:\/\/schema.org\",\"@graph\":[{\"@type\":\"WebPage\",\"@id\":\"https:\/\/bebvillalucciola.it\/fr\/reglement-interieur\/\",\"url\":\"https:\/\/bebvillalucciola.it\/fr\/reglement-interieur\/\",\"name\":\"R\u00e8glement int\u00e9rieur - B&amp;B Villa Lucciola\",\"isPartOf\":{\"@id\":\"https:\/\/bebvillalucciola.it\/#website\"},\"datePublished\":\"2024-02-06T14:05:20+00:00\",\"dateModified\":\"2024-04-22T10:23:45+00:00\",\"breadcrumb\":{\"@id\":\"https:\/\/bebvillalucciola.it\/fr\/reglement-interieur\/#breadcrumb\"},\"inLanguage\":\"fr-FR\",\"potentialAction\":[{\"@type\":\"ReadAction\",\"target\":[\"https:\/\/bebvillalucciola.it\/fr\/reglement-interieur\/\"]}]},{\"@type\":\"BreadcrumbList\",\"@id\":\"https:\/\/bebvillalucciola.it\/fr\/reglement-interieur\/#breadcrumb\",\"itemListElement\":[{\"@type\":\"ListItem\",\"position\":1,\"name\":\"Home\",\"item\":\"https:\/\/bebvillalucciola.it\/fr\/page-daccueil\/\"},{\"@type\":\"ListItem\",\"position\":2,\"name\":\"R\u00e8glement int\u00e9rieur\"}]},{\"@type\":\"WebSite\",\"@id\":\"https:\/\/bebvillalucciola.it\/#website\",\"url\":\"https:\/\/bebvillalucciola.it\/\",\"name\":\"B&B Villa Lucciola\",\"description\":\"B &amp; B sul Lago Maggiore\",\"publisher\":{\"@id\":\"https:\/\/bebvillalucciola.it\/#organization\"},\"potentialAction\":[{\"@type\":\"SearchAction\",\"target\":{\"@type\":\"EntryPoint\",\"urlTemplate\":\"https:\/\/bebvillalucciola.it\/?s={search_term_string}\"},\"query-input\":{\"@type\":\"PropertyValueSpecification\",\"valueRequired\":true,\"valueName\":\"search_term_string\"}}],\"inLanguage\":\"fr-FR\"},{\"@type\":\"Organization\",\"@id\":\"https:\/\/bebvillalucciola.it\/#organization\",\"name\":\"B&B Villa Lucciola\",\"url\":\"https:\/\/bebvillalucciola.it\/\",\"logo\":{\"@type\":\"ImageObject\",\"inLanguage\":\"fr-FR\",\"@id\":\"https:\/\/bebvillalucciola.it\/#\/schema\/logo\/image\/\",\"url\":\"https:\/\/bebvillalucciola.it\/wp-content\/uploads\/2023\/12\/Logo-Villa-Lucciola-HI.webp\",\"contentUrl\":\"https:\/\/bebvillalucciola.it\/wp-content\/uploads\/2023\/12\/Logo-Villa-Lucciola-HI.webp\",\"width\":400,\"height\":200,\"caption\":\"B&B Villa Lucciola\"},\"image\":{\"@id\":\"https:\/\/bebvillalucciola.it\/#\/schema\/logo\/image\/\"}}]}<\/script>\n<!-- \/ Yoast SEO plugin. -->","yoast_head_json":{"title":"R\u00e8glement int\u00e9rieur - B&amp;B Villa Lucciola","robots":{"index":"index","follow":"follow","max-snippet":"max-snippet:-1","max-image-preview":"max-image-preview:large","max-video-preview":"max-video-preview:-1"},"canonical":"https:\/\/bebvillalucciola.it\/fr\/reglement-interieur\/","og_locale":"fr_FR","og_type":"article","og_title":"R\u00e8glement int\u00e9rieur - B&amp;B Villa Lucciola","og_description":"R\u00e8glement int\u00e9rieur Villa LucciolaR\u00e8glement int\u00e9rieur Chers invit\u00e9s, vous \u00eates sur le point de passer vos vacances dans un appartement priv\u00e9. Nous nous sommes efforc\u00e9s de cr\u00e9er un environnement agr\u00e9able et nous esp\u00e9rons que tu passeras un moment merveilleux et r\u00e9cr\u00e9atif dans notre maison. Le r\u00e8glement int\u00e9rieur que tu vas lire se veut un support pour [&hellip;]","og_url":"https:\/\/bebvillalucciola.it\/fr\/reglement-interieur\/","og_site_name":"B&amp;B Villa Lucciola","article_modified_time":"2024-04-22T10:23:45+00:00","twitter_card":"summary_large_image","twitter_misc":{"Dur\u00e9e de lecture estim\u00e9e":"5 minutes"},"schema":{"@context":"https:\/\/schema.org","@graph":[{"@type":"WebPage","@id":"https:\/\/bebvillalucciola.it\/fr\/reglement-interieur\/","url":"https:\/\/bebvillalucciola.it\/fr\/reglement-interieur\/","name":"R\u00e8glement int\u00e9rieur - B&amp;B Villa Lucciola","isPartOf":{"@id":"https:\/\/bebvillalucciola.it\/#website"},"datePublished":"2024-02-06T14:05:20+00:00","dateModified":"2024-04-22T10:23:45+00:00","breadcrumb":{"@id":"https:\/\/bebvillalucciola.it\/fr\/reglement-interieur\/#breadcrumb"},"inLanguage":"fr-FR","potentialAction":[{"@type":"ReadAction","target":["https:\/\/bebvillalucciola.it\/fr\/reglement-interieur\/"]}]},{"@type":"BreadcrumbList","@id":"https:\/\/bebvillalucciola.it\/fr\/reglement-interieur\/#breadcrumb","itemListElement":[{"@type":"ListItem","position":1,"name":"Home","item":"https:\/\/bebvillalucciola.it\/fr\/page-daccueil\/"},{"@type":"ListItem","position":2,"name":"R\u00e8glement int\u00e9rieur"}]},{"@type":"WebSite","@id":"https:\/\/bebvillalucciola.it\/#website","url":"https:\/\/bebvillalucciola.it\/","name":"B&B Villa Lucciola","description":"B &amp; B sul Lago Maggiore","publisher":{"@id":"https:\/\/bebvillalucciola.it\/#organization"},"potentialAction":[{"@type":"SearchAction","target":{"@type":"EntryPoint","urlTemplate":"https:\/\/bebvillalucciola.it\/?s={search_term_string}"},"query-input":{"@type":"PropertyValueSpecification","valueRequired":true,"valueName":"search_term_string"}}],"inLanguage":"fr-FR"},{"@type":"Organization","@id":"https:\/\/bebvillalucciola.it\/#organization","name":"B&B Villa Lucciola","url":"https:\/\/bebvillalucciola.it\/","logo":{"@type":"ImageObject","inLanguage":"fr-FR","@id":"https:\/\/bebvillalucciola.it\/#\/schema\/logo\/image\/","url":"https:\/\/bebvillalucciola.it\/wp-content\/uploads\/2023\/12\/Logo-Villa-Lucciola-HI.webp","contentUrl":"https:\/\/bebvillalucciola.it\/wp-content\/uploads\/2023\/12\/Logo-Villa-Lucciola-HI.webp","width":400,"height":200,"caption":"B&B Villa Lucciola"},"image":{"@id":"https:\/\/bebvillalucciola.it\/#\/schema\/logo\/image\/"}}]}},"_links":{"self":[{"href":"https:\/\/bebvillalucciola.it\/fr\/wp-json\/wp\/v2\/pages\/4393995","targetHints":{"allow":["GET"]}}],"collection":[{"href":"https:\/\/bebvillalucciola.it\/fr\/wp-json\/wp\/v2\/pages"}],"about":[{"href":"https:\/\/bebvillalucciola.it\/fr\/wp-json\/wp\/v2\/types\/page"}],"author":[{"embeddable":true,"href":"https:\/\/bebvillalucciola.it\/fr\/wp-json\/wp\/v2\/users\/1"}],"replies":[{"embeddable":true,"href":"https:\/\/bebvillalucciola.it\/fr\/wp-json\/wp\/v2\/comments?post=4393995"}],"version-history":[{"count":10,"href":"https:\/\/bebvillalucciola.it\/fr\/wp-json\/wp\/v2\/pages\/4393995\/revisions"}],"predecessor-version":[{"id":4394028,"href":"https:\/\/bebvillalucciola.it\/fr\/wp-json\/wp\/v2\/pages\/4393995\/revisions\/4394028"}],"wp:attachment":[{"href":"https:\/\/bebvillalucciola.it\/fr\/wp-json\/wp\/v2\/media?parent=4393995"}],"curies":[{"name":"wp","href":"https:\/\/api.w.org\/{rel}","templated":true}]}}